{"id":1159,"date":"2023-02-08T15:10:14","date_gmt":"2023-02-08T13:10:14","guid":{"rendered":"https:\/\/happyme.ee\/kontakt\/"},"modified":"2024-02-08T21:03:37","modified_gmt":"2024-02-08T19:03:37","slug":"contact","status":"publish","type":"page","link":"https:\/\/happyme.ee\/en\/contact\/","title":{"rendered":"Contact"},"content":{"rendered":"<!--themify_builder_content-->\n<div id=\"themify_builder_content-1159\" data-postid=\"1159\" class=\"themify_builder_content themify_builder_content-1159 themify_builder tf_clear\">\n    \t\t\t\t<!-- module_row -->\n\t\t<div  data-lazy=\"1\" class=\"module_row themify_builder_row tb_hcmu604 tb_first tf_w tf_clearfix\">\n\t\t\t\t\t<div class=\"row_inner col_align_top tb_col_count_1 tf_box tf_rel\">\n\t\t\t\t\t<div  data-lazy=\"1\" class=\"module_column tb-column col-full tb_yiji606 first\">\n\t\t\t\t\t\t\t<\/div><!-- .module_column -->\n\t\t\t\t\t\t<\/div><!-- .row_inner -->\n\t\t<\/div><!-- .module_row -->\n\t\t\t\t\t\t\t\t<!-- module_row -->\n\t\t<div  data-lazy=\"1\" class=\"module_row themify_builder_row tb_nj2t318 tf_w tf_clearfix\">\n\t\t\t\t\t<div class=\"row_inner col_align_top tb_col_count_1 tf_box tf_rel\">\n\t\t\t\t\t<div  data-lazy=\"1\" class=\"module_column tb-column col-full tb_h2td319 first\">\n\t\t\t\t\t\t\t\t\t<div class=\"tb-column-inner tf_box tf_w\">\n\t\t\t\t<!-- module fancy heading -->\n<div  class=\"module module-fancy-heading tb_nwqr89 \" data-lazy=\"1\">\n\t    <h2 class=\"fancy-heading tf_textc\">\n    <span class=\"main-head tf_block\">\n\t\t\t\t\tContact\t\t    <\/span>\n\n\t\n    <span class=\"sub-head tf_block tf_rel\">\n\t\t\t\t\t\t\t    <\/span>\n    <\/h2>\n<\/div>\n<!-- \/module fancy heading -->\n\t\t<div  data-lazy=\"1\" class=\"module_subrow themify_builder_sub_row tb_2uf6906 tf_w tf_clearfix\">\n\t\t\t\t\t<div class=\"subrow_inner col_align_top tb_col_count_3 tf_box tf_w\">\n\t\t\t\t\t<div  data-lazy=\"1\" class=\"module_column sub_column col3-1 tb_p0sg906 first\">\n\t\t\t\t\t\t\t\t\t<div class=\"tb-column-inner tf_box tf_w\">\n\t\t\t\t<!-- module feature -->\n<div  class=\"module module-feature tb_8p4k780 no-chart layout-icon-top size-small \" data-layout-mobile=\"icon-top\" data-layout-desktop=\"icon-top\" data-lazy=\"1\">\n\t    <div class=\"module-feature-image tf_textc tf_rel\">\n\t\t\t\t\t\t\t<span class=\"module-feature-chart-html5 tf_box tf_rel tf_inline_b\">\n\t\t\t\t\t\t\t\t<span class=\"chart-html5-circle tf_w tf_h\">\n\t\t\t\t\t\t\t\t\t\t\t<em class=\"module-feature-icon tf_rel\" style=\"color:#748875\"><svg  class=\"tf_fa tf-fas-home\" aria-hidden=\"true\"><use href=\"#tf-fas-home\"><\/use><\/svg><\/em>\n\t\t\t\t\t\t\t\t\t<\/span>\n\n\t\t\t\t\n\t\t\t<\/span>\n\t\t\t    <\/div>\n    <div class=\"module-feature-content tf_textc\">\n\t\t\t\t\t<h3 class=\"module-feature-title\">\n\t\t\t\t\t\t\tHappy Workplace O\u00dc\t\t\t\t\t\t<\/h3>\n\t\t\t\t\t<div class=\"tb_text_wrap\">\n\t\t\t<p>Register code 14327101<br>Tallinn \/ P\u00e4rnu<\/p>\t\t<\/div>\n    <\/div>\n<\/div>\n<!-- \/module feature -->\n\t\t\t\t<\/div><!-- .tb-column-inner -->\n\t\t\t\t\t\t<\/div><!-- .module_column -->\n\t\t\t\t\t<div  data-lazy=\"1\" class=\"module_column sub_column col3-1 tb_pbrk906\">\n\t\t\t\t\t\t\t\t\t<div class=\"tb-column-inner tf_box tf_w\">\n\t\t\t\t<!-- module feature -->\n<div  class=\"module module-feature tb_mu2b136 no-chart layout-icon-top size-small \" data-layout-mobile=\"icon-top\" data-layout-desktop=\"icon-top\" data-lazy=\"1\">\n\t    <div class=\"module-feature-image tf_textc tf_rel\">\n\t\t\t\t\t\t\t<span class=\"module-feature-chart-html5 tf_box tf_rel tf_inline_b\">\n\t\t\t\t\t\t\t\t<span class=\"chart-html5-circle tf_w tf_h\">\n\t\t\t\t\t\t\t\t\t\t\t<em class=\"module-feature-icon tf_rel\" style=\"color:#748875\"><svg  class=\"tf_fa tf-far-envelope\" aria-hidden=\"true\"><use href=\"#tf-far-envelope\"><\/use><\/svg><\/em>\n\t\t\t\t\t\t\t\t\t<\/span>\n\n\t\t\t\t\n\t\t\t<\/span>\n\t\t\t    <\/div>\n    <div class=\"module-feature-content tf_textc\">\n\t\t\t\t\t<h3 class=\"module-feature-title\">\n\t\t\t\t\t\t\tGeneral questions\t\t\t\t\t\t<\/h3>\n\t\t\t\t\t<div class=\"tb_text_wrap\">\n\t\t\t<p class=\"elementor-icon-box-title\"><a href=\"mailto:info@happyme.ee\">info@happyme.ee<\/a><\/p>\t\t<\/div>\n    <\/div>\n<\/div>\n<!-- \/module feature -->\n<!-- module text -->\n<div  class=\"module module-text tb_0mfp811   \" data-lazy=\"1\">\n    <h3 class=\"module-title\">User support<\/h3>    <div  class=\"tb_text_wrap\">\n    <p class=\"elementor-icon-box-title\"><a href=\"mailto:support@happyme.ee\">support@happyme.ee<\/a><\/p>    <\/div>\n<\/div>\n<!-- \/module text -->\t\t\t\t<\/div><!-- .tb-column-inner -->\n\t\t\t\t\t\t<\/div><!-- .module_column -->\n\t\t\t\t\t<div  data-lazy=\"1\" class=\"module_column sub_column col3-1 tb_5vyb906 last\">\n\t\t\t\t\t\t\t\t\t<div class=\"tb-column-inner tf_box tf_w\">\n\t\t\t\t<!-- module feature -->\n<div  class=\"module module-feature tb_5ipb999 no-chart layout-icon-top size-small \" data-layout-mobile=\"icon-top\" data-layout-desktop=\"icon-top\" data-lazy=\"1\">\n\t    <div class=\"module-feature-image tf_textc tf_rel\">\n\t\t\t\t\t\t\t<span class=\"module-feature-chart-html5 tf_box tf_rel tf_inline_b\">\n\t\t\t\t\t\t\t\t<span class=\"chart-html5-circle tf_w tf_h\">\n\t\t\t\t\t\t\t\t\t\t\t<em class=\"module-feature-icon tf_rel\" style=\"color:#748875\"><svg  class=\"tf_fa tf-fas-mobile-alt\" aria-hidden=\"true\"><use href=\"#tf-fas-mobile-alt\"><\/use><\/svg><\/em>\n\t\t\t\t\t\t\t\t\t<\/span>\n\n\t\t\t\t\n\t\t\t<\/span>\n\t\t\t    <\/div>\n    <div class=\"module-feature-content tf_textc\">\n\t\t\t\t\t<h3 class=\"module-feature-title\">\n\t\t\t\t\t\t\tGeneral questions and urgent matters.\t\t\t\t\t\t<\/h3>\n\t\t\t\t\t<div class=\"tb_text_wrap\">\n\t\t\t<p class=\"elementor-icon-box-title\"><a href=\"tel:+372%2052%2009%20285\">+372 52 09 285<\/a><\/p>\t\t<\/div>\n    <\/div>\n<\/div>\n<!-- \/module feature -->\n\t\t\t\t<\/div><!-- .tb-column-inner -->\n\t\t\t\t\t\t<\/div><!-- .module_column -->\n\t\t\t\t\t\t<\/div><!-- .subrow_inner -->\n\t\t<\/div><!-- .themify_builder_sub_row -->\n\t\t\t\t\t\t\t\t<\/div><!-- .tb-column-inner -->\n\t\t\t\t\t\t<\/div><!-- .module_column -->\n\t\t\t\t\t\t<\/div><!-- .row_inner -->\n\t\t<\/div><!-- .module_row -->\n\t\t\t\t\t\t\t\t<!-- module_row -->\n\t\t<div  data-lazy=\"1\" class=\"module_row themify_builder_row tb_84oo334 tf_w tf_clearfix\">\n\t\t\t\t\t<div class=\"row_inner col_align_top tb_col_count_1 tf_box tf_rel\">\n\t\t\t\t\t<div  data-lazy=\"1\" class=\"module_column tb-column col-full tb_k66x335 first\">\n\t\t\t\t\t\t\t\t\t<div class=\"tb-column-inner tf_box tf_w\">\n\t\t\t\t<!-- module text -->\n<div  class=\"module module-text tb_jt6u4   \" data-lazy=\"1\">\n        <div  class=\"tb_text_wrap\">\n    <h2 class=\"elementor-heading-title elementor-size-default\" style=\"text-align: center;\">Write us<\/h2>    <\/div>\n<\/div>\n<!-- \/module text --><!-- module text -->\n<div  class=\"module module-text tb_m7o4362   \" data-lazy=\"1\">\n        <div  class=\"tb_text_wrap\">\n    <p style=\"text-align: center;\"><strong>If you contact us using the form below, we will reply at the latest by the next business day.<\/strong><\/p>    <\/div>\n<\/div>\n<!-- \/module text -->\t\t\t\t<\/div><!-- .tb-column-inner -->\n\t\t\t\t\t\t<\/div><!-- .module_column -->\n\t\t\t\t\t\t<\/div><!-- .row_inner -->\n\t\t<\/div><!-- .module_row -->\n\t\t\t\t\t\t\t\t<!-- module_row -->\n\t\t<div  data-lazy=\"1\" class=\"module_row themify_builder_row tb_8923911 tf_w tf_clearfix\">\n\t\t\t\t\t<div class=\"row_inner col_align_top gutter-none tb_col_count_2 tf_box tf_rel\">\n\t\t\t\t\t<div  data-lazy=\"1\" class=\"module_column tb-column col3-1 tb_gn79911 first\">\n\t\t\t\t\t\t\t<\/div><!-- .module_column -->\n\t\t\t\t\t<div  data-lazy=\"1\" class=\"module_column tb-column col3-2 tb_2ss898 last\">\n\t\t\t\t\t\t\t\t\t<div class=\"tb-column-inner tf_box tf_w\">\n\t\t\t\t\t\t<div  data-lazy=\"1\" class=\"module_subrow themify_builder_sub_row tb_icwl691 tf_w tf_clearfix\">\n\t\t\t\t\t<div class=\"subrow_inner col_align_top tb_col_count_1 tf_box tf_w\">\n\t\t\t\t\t<div  data-lazy=\"1\" class=\"module_column sub_column col-full tb_wv3t691 first\">\n\t\t\t\t\t\t\t\t\t<div class=\"tb-column-inner tf_box tf_w\">\n\t\t\t\t<!-- module text -->\n<div  class=\"module module-text tb_i9ai407   \" data-lazy=\"1\">\n        <div  class=\"tb_text_wrap\">\n    <h3>Feel free to request a demo, give feedback, or ask for a personal offer.<\/h3>    <\/div>\n<\/div>\n<!-- \/module text --><!-- module text -->\n<div  class=\"module module-text tb_0o1a419   \" data-lazy=\"1\">\n        <div  class=\"tb_text_wrap\">\n    <p>We are happy to answer any questions and respond to any concerns you might have. Enter your question in the following form and we will contact you. We look forward to hearing from you!<\/p>    <\/div>\n<\/div>\n<!-- \/module text --><!-- module text -->\n<div  class=\"module module-text tb_8cou285   \" data-lazy=\"1\">\n        <div  class=\"tb_text_wrap\">\n    \n<div class=\"wpcf7 no-js\" id=\"wpcf7-f1193-o1\" lang=\"en-US\" dir=\"ltr\" data-wpcf7-id=\"1193\">\n<div class=\"screen-reader-response\"><p role=\"status\" aria-live=\"polite\" aria-atomic=\"true\"><\/p> <ul><\/ul><\/div>\n<form action=\"\/en\/wp-json\/wp\/v2\/pages\/1159#wpcf7-f1193-o1\" method=\"post\" class=\"wpcf7-form init\" aria-label=\"Contact form\" novalidate=\"novalidate\" data-status=\"init\">\n<fieldset class=\"hidden-fields-container\"><input type=\"hidden\" name=\"_wpcf7\" value=\"1193\" \/><input type=\"hidden\" name=\"_wpcf7_version\" value=\"6.1.5\" \/><input type=\"hidden\" name=\"_wpcf7_locale\" value=\"en_US\" \/><input type=\"hidden\" name=\"_wpcf7_unit_tag\" value=\"wpcf7-f1193-o1\" \/><input type=\"hidden\" name=\"_wpcf7_container_post\" value=\"0\" \/><input type=\"hidden\" name=\"_wpcf7_posted_data_hash\" value=\"\" \/><input type=\"hidden\" name=\"_wpcf7_recaptcha_response\" value=\"\" \/>\n<\/fieldset>\n<div class=\"responsive-form clearfixa uppercase\" id=\"scroll\">\n\t<div class=\"form-row\">\n\t\t<div class=\"column-full\">\n\t\t\t<p><label>Name <span style=\"color:red\">*<\/span><br \/>\n<span class=\"wpcf7-form-control-wrap\" data-name=\"nimi\"><input size=\"40\" maxlength=\"400\" class=\"wpcf7-form-control wpcf7-text wpcf7-validates-as-required\" aria-required=\"true\" aria-invalid=\"false\" value=\"\" type=\"text\" name=\"nimi\" \/><\/span><\/label>\n\t\t\t<\/p>\n\t\t<\/div>\n\t<\/div>\n\t<div class=\"form-row\">\n\t\t<div class=\"column-full\">\n\t\t\t<p><label>E-mail <span style=\"color:red\">*<\/span><br \/>\n<span class=\"wpcf7-form-control-wrap\" data-name=\"email\"><input size=\"40\" maxlength=\"400\" class=\"wpcf7-form-control wpcf7-email wpcf7-validates-as-required wpcf7-text wpcf7-validates-as-email\" aria-required=\"true\" aria-invalid=\"false\" value=\"\" type=\"email\" name=\"email\" \/><\/span><\/label>\n\t\t\t<\/p>\n\t\t<\/div>\n\t<\/div>\n\t<div class=\"form-row\">\n\t\t<div class=\"column-full\">\n\t\t\t<p><label>Phone <span style=\"color:red\">*<\/span><br \/>\n<span class=\"wpcf7-form-control-wrap\" data-name=\"telefon\"><input size=\"40\" maxlength=\"400\" class=\"wpcf7-form-control wpcf7-text wpcf7-validates-as-required\" aria-required=\"true\" aria-invalid=\"false\" value=\"\" type=\"text\" name=\"telefon\" \/><\/span><\/label>\n\t\t\t<\/p>\n\t\t<\/div>\n\t<\/div>\n\t<div class=\"form-row\">\n\t\t<div class=\"column-full\">\n\t\t\t<p><label>Message <span style=\"color:red\">*<\/span><br \/>\n<span class=\"wpcf7-form-control-wrap\" data-name=\"textarea-862\"><textarea cols=\"40\" rows=\"6\" maxlength=\"2000\" class=\"wpcf7-form-control wpcf7-textarea wpcf7-validates-as-required\" aria-required=\"true\" aria-invalid=\"false\" name=\"textarea-862\"><\/textarea><\/span><\/label>\n\t\t\t<\/p>\n\t\t<\/div>\n\t<\/div>\n\t<div class=\"form-row\">\n\t\t<div class=\"column-full\">\n\t\t\t<p><span class=\"wpcf7-form-control-wrap\" data-name=\"kasutustinigmused\"><span class=\"wpcf7-form-control wpcf7-checkbox wpcf7-validates-as-required\"><span class=\"wpcf7-list-item first last\"><input type=\"checkbox\" name=\"kasutustinigmused[]\" value=\"* Your email address will be used to send a response to the question you submit through this online form. please indicate your agreement to this by checking the box provided.\" \/><span class=\"wpcf7-list-item-label\">* Your email address will be used to send a response to the question you submit through this online form. please indicate your agreement to this by checking the box provided.<\/span><\/span><\/span><\/span>\n\t\t\t<\/p>\n\t\t<\/div>\n\t<\/div>\n\t<div class=\"form-row\">\n\t\t<div class=\"column-full\">\n\t\t<div class=\"wpcf7-response-output\" aria-hidden=\"true\"><\/div>\n\t\t<\/div>\n\t<\/div>\n\t<div class=\"form-row\">\n\t\t<div class=\"column-full\">\n\t\t\t<div style=\"text-align:center;\">\n\t\t\t\t<p><input class=\"wpcf7-form-control wpcf7-submit has-spinner\" type=\"submit\" value=\"Send\" \/>\n\t\t\t\t<\/p>\n\t\t\t<\/div>\n\t\t<\/div>\n\t<\/div>\n<\/div>\n<\/form>\n<\/div>\n    <\/div>\n<\/div>\n<!-- \/module text -->\t\t\t\t<\/div><!-- .tb-column-inner -->\n\t\t\t\t\t\t<\/div><!-- .module_column -->\n\t\t\t\t\t\t<\/div><!-- .subrow_inner -->\n\t\t<\/div><!-- .themify_builder_sub_row -->\n\t\t\t\t\t\t\t\t<\/div><!-- .tb-column-inner -->\n\t\t\t\t\t\t<\/div><!-- .module_column -->\n\t\t\t\t\t\t<\/div><!-- .row_inner -->\n\t\t<\/div><!-- .module_row -->\n\t\t\t\t<\/div>\n<!--\/themify_builder_content-->","protected":false},"excerpt":{"rendered":"<p>Kontakt Happy Workplace O\u00dc Registrikood 14327101Tallinn \/ P\u00e4rnu \u00dcldk\u00fcsimused info@happyme.ee Kasutajatugi support@happyme.ee \u00dcldk\u00fcsimused ja kiired asjad. +372 52 09 285 Kirjuta meile Kui saadad meile alloleva vormi kaudu p\u00e4ringu, v\u00f5tame sinuga hiljemalt j\u00e4rgmisel t\u00f6\u00f6p\u00e4eval \u00fchendust. K\u00fcsi julgesti demo, anna tagasisidet v\u00f5i k\u00fcsi personaalset pakkumist. Vastame hea meelega k\u00f5ikidele k\u00fcsimustele v\u00f5i muredele, mis teil v\u00f5ivad olla. [&hellip;]<\/p>\n","protected":false},"author":1,"featured_media":0,"parent":0,"menu_order":0,"comment_status":"closed","ping_status":"closed","template":"","meta":{"footnotes":""},"class_list":["post-1159","page","type-page","status-publish","hentry","has-post-title","has-post-date","has-post-category","has-post-tag","has-post-comment","has-post-author",""],"acf":[],"yoast_head":"<!-- This site is optimized with the Yoast SEO plugin v27.3 - https:\/\/yoast.com\/product\/yoast-seo-wordpress\/ -->\n<title>Contact - Happyme<\/title>\n<meta name=\"robots\" content=\"index, follow, max-snippet:-1, max-image-preview:large, max-video-preview:-1\" \/>\n<link rel=\"canonical\" href=\"https:\/\/happyme.ee\/en\/contact\/\" \/>\n<meta property=\"og:locale\" content=\"en_US\" \/>\n<meta property=\"og:type\" content=\"article\" \/>\n<meta property=\"og:title\" content=\"Contact - Happyme\" \/>\n<meta property=\"og:description\" content=\"Kontakt Happy Workplace O\u00dc Registrikood 14327101Tallinn \/ P\u00e4rnu \u00dcldk\u00fcsimused info@happyme.ee Kasutajatugi support@happyme.ee \u00dcldk\u00fcsimused ja kiired asjad. +372 52 09 285 Kirjuta meile Kui saadad meile alloleva vormi kaudu p\u00e4ringu, v\u00f5tame sinuga hiljemalt j\u00e4rgmisel t\u00f6\u00f6p\u00e4eval \u00fchendust. K\u00fcsi julgesti demo, anna tagasisidet v\u00f5i k\u00fcsi personaalset pakkumist. Vastame hea meelega k\u00f5ikidele k\u00fcsimustele v\u00f5i muredele, mis teil v\u00f5ivad olla. [&hellip;]\" \/>\n<meta property=\"og:url\" content=\"https:\/\/happyme.ee\/en\/contact\/\" \/>\n<meta property=\"og:site_name\" content=\"Happyme\" \/>\n<meta property=\"article:modified_time\" content=\"2024-02-08T19:03:37+00:00\" \/>\n<meta name=\"twitter:card\" content=\"summary_large_image\" \/>\n<script type=\"application\/ld+json\" class=\"yoast-schema-graph\">{\"@context\":\"https:\\\/\\\/schema.org\",\"@graph\":[{\"@type\":\"WebPage\",\"@id\":\"https:\\\/\\\/happyme.ee\\\/en\\\/contact\\\/\",\"url\":\"https:\\\/\\\/happyme.ee\\\/en\\\/contact\\\/\",\"name\":\"Contact - Happyme\",\"isPartOf\":{\"@id\":\"https:\\\/\\\/happyme.ee\\\/#website\"},\"datePublished\":\"2023-02-08T13:10:14+00:00\",\"dateModified\":\"2024-02-08T19:03:37+00:00\",\"breadcrumb\":{\"@id\":\"https:\\\/\\\/happyme.ee\\\/en\\\/contact\\\/#breadcrumb\"},\"inLanguage\":\"en-US\",\"potentialAction\":[{\"@type\":\"ReadAction\",\"target\":[\"https:\\\/\\\/happyme.ee\\\/en\\\/contact\\\/\"]}]},{\"@type\":\"BreadcrumbList\",\"@id\":\"https:\\\/\\\/happyme.ee\\\/en\\\/contact\\\/#breadcrumb\",\"itemListElement\":[{\"@type\":\"ListItem\",\"position\":1,\"name\":\"Home\",\"item\":\"https:\\\/\\\/happyme.ee\\\/home\\\/?lang=en\"},{\"@type\":\"ListItem\",\"position\":2,\"name\":\"Contact\"}]},{\"@type\":\"WebSite\",\"@id\":\"https:\\\/\\\/happyme.ee\\\/#website\",\"url\":\"https:\\\/\\\/happyme.ee\\\/\",\"name\":\"Happyme\",\"description\":\"\",\"potentialAction\":[{\"@type\":\"SearchAction\",\"target\":{\"@type\":\"EntryPoint\",\"urlTemplate\":\"https:\\\/\\\/happyme.ee\\\/?s={search_term_string}\"},\"query-input\":{\"@type\":\"PropertyValueSpecification\",\"valueRequired\":true,\"valueName\":\"search_term_string\"}}],\"inLanguage\":\"en-US\"}]}<\/script>\n<!-- \/ Yoast SEO plugin. -->","yoast_head_json":{"title":"Contact - Happyme","robots":{"index":"index","follow":"follow","max-snippet":"max-snippet:-1","max-image-preview":"max-image-preview:large","max-video-preview":"max-video-preview:-1"},"canonical":"https:\/\/happyme.ee\/en\/contact\/","og_locale":"en_US","og_type":"article","og_title":"Contact - Happyme","og_description":"Kontakt Happy Workplace O\u00dc Registrikood 14327101Tallinn \/ P\u00e4rnu \u00dcldk\u00fcsimused info@happyme.ee Kasutajatugi support@happyme.ee \u00dcldk\u00fcsimused ja kiired asjad. +372 52 09 285 Kirjuta meile Kui saadad meile alloleva vormi kaudu p\u00e4ringu, v\u00f5tame sinuga hiljemalt j\u00e4rgmisel t\u00f6\u00f6p\u00e4eval \u00fchendust. K\u00fcsi julgesti demo, anna tagasisidet v\u00f5i k\u00fcsi personaalset pakkumist. Vastame hea meelega k\u00f5ikidele k\u00fcsimustele v\u00f5i muredele, mis teil v\u00f5ivad olla. [&hellip;]","og_url":"https:\/\/happyme.ee\/en\/contact\/","og_site_name":"Happyme","article_modified_time":"2024-02-08T19:03:37+00:00","twitter_card":"summary_large_image","schema":{"@context":"https:\/\/schema.org","@graph":[{"@type":"WebPage","@id":"https:\/\/happyme.ee\/en\/contact\/","url":"https:\/\/happyme.ee\/en\/contact\/","name":"Contact - Happyme","isPartOf":{"@id":"https:\/\/happyme.ee\/#website"},"datePublished":"2023-02-08T13:10:14+00:00","dateModified":"2024-02-08T19:03:37+00:00","breadcrumb":{"@id":"https:\/\/happyme.ee\/en\/contact\/#breadcrumb"},"inLanguage":"en-US","potentialAction":[{"@type":"ReadAction","target":["https:\/\/happyme.ee\/en\/contact\/"]}]},{"@type":"BreadcrumbList","@id":"https:\/\/happyme.ee\/en\/contact\/#breadcrumb","itemListElement":[{"@type":"ListItem","position":1,"name":"Home","item":"https:\/\/happyme.ee\/home\/?lang=en"},{"@type":"ListItem","position":2,"name":"Contact"}]},{"@type":"WebSite","@id":"https:\/\/happyme.ee\/#website","url":"https:\/\/happyme.ee\/","name":"Happyme","description":"","potentialAction":[{"@type":"SearchAction","target":{"@type":"EntryPoint","urlTemplate":"https:\/\/happyme.ee\/?s={search_term_string}"},"query-input":{"@type":"PropertyValueSpecification","valueRequired":true,"valueName":"search_term_string"}}],"inLanguage":"en-US"}]}},"builder_content":"<h2>Contact<br\/><\/h2>\n<em style=\"color:#748875\"><svg aria-hidden=\"true\"><use href=\"#tf-fas-home\"><\/use><\/svg><\/em> \n <h3> Happy Workplace O\u00dc <\/h3> <p>Register code 14327101<br>Tallinn \/ P\u00e4rnu<\/p>\n<em style=\"color:#748875\"><svg aria-hidden=\"true\"><use href=\"#tf-far-envelope\"><\/use><\/svg><\/em> \n <h3> General questions <\/h3> <p><a href=\"mailto:info@happyme.ee\">info@happyme.ee<\/a><\/p>\n<h3>User support<\/h3> <p><a href=\"mailto:support@happyme.ee\">support@happyme.ee<\/a><\/p>\n<em style=\"color:#748875\"><svg aria-hidden=\"true\"><use href=\"#tf-fas-mobile-alt\"><\/use><\/svg><\/em> \n <h3> General questions and urgent matters. <\/h3> <p><a href=\"tel:+372%2052%2009%20285\">+372 52 09 285<\/a><\/p>\n<h2 style=\"text-align: center;\">Write us<\/h2>\n<p style=\"text-align: center;\"><strong>If you contact us using the form below, we will reply at the latest by the next business day.<\/strong><\/p>\n<h3>Feel free to request a demo, give feedback, or ask for a personal offer.<\/h3>\n<p>We are happy to answer any questions and respond to any concerns you might have. Enter your question in the following form and we will contact you. We look forward to hearing from you!<\/p>\n<p>[contact-form-7 id=\"453\" title=\"Contact form\"]<\/p>","_links":{"self":[{"href":"https:\/\/happyme.ee\/en\/wp-json\/wp\/v2\/pages\/1159","targetHints":{"allow":["GET"]}}],"collection":[{"href":"https:\/\/happyme.ee\/en\/wp-json\/wp\/v2\/pages"}],"about":[{"href":"https:\/\/happyme.ee\/en\/wp-json\/wp\/v2\/types\/page"}],"author":[{"embeddable":true,"href":"https:\/\/happyme.ee\/en\/wp-json\/wp\/v2\/users\/1"}],"replies":[{"embeddable":true,"href":"https:\/\/happyme.ee\/en\/wp-json\/wp\/v2\/comments?post=1159"}],"version-history":[{"count":17,"href":"https:\/\/happyme.ee\/en\/wp-json\/wp\/v2\/pages\/1159\/revisions"}],"predecessor-version":[{"id":2067,"href":"https:\/\/happyme.ee\/en\/wp-json\/wp\/v2\/pages\/1159\/revisions\/2067"}],"wp:attachment":[{"href":"https:\/\/happyme.ee\/en\/wp-json\/wp\/v2\/media?parent=1159"}],"curies":[{"name":"wp","href":"https:\/\/api.w.org\/{rel}","templated":true}]}}