{"id":1956,"date":"2023-08-13T12:36:05","date_gmt":"2023-08-13T09:36:05","guid":{"rendered":"https:\/\/happyme.ee\/demo-2\/"},"modified":"2024-02-08T21:07:54","modified_gmt":"2024-02-08T19:07:54","slug":"demo","status":"publish","type":"page","link":"https:\/\/happyme.ee\/fi\/demo\/","title":{"rendered":"Kerro Demo"},"content":{"rendered":"<!--themify_builder_content-->\n<div id=\"themify_builder_content-1956\" data-postid=\"1956\" class=\"themify_builder_content themify_builder_content-1956 themify_builder tf_clear\">\n    \t\t\t\t<!-- module_row -->\n\t\t<div  data-lazy=\"1\" class=\"module_row themify_builder_row tb_9q5d99 tb_first tf_w tf_clearfix\">\n\t\t\t\t\t<div class=\"row_inner col_align_top tb_col_count_1 tf_box tf_rel\">\n\t\t\t\t\t<div  data-lazy=\"1\" class=\"module_column tb-column col-full tb_52vv100 first\">\n\t\t\t\t\t\t\t\t\t<div class=\"tb-column-inner tf_box tf_w\">\n\t\t\t\t\t\t<div  data-lazy=\"1\" class=\"module_subrow themify_builder_sub_row tb_6v61100 tf_w tf_clearfix\">\n\t\t\t\t\t<div class=\"subrow_inner col_align_middle tb_col_count_2 tf_box tf_w\">\n\t\t\t\t\t<div  data-lazy=\"1\" class=\"module_column sub_column col4-2 tb_8rxq100 first\">\n\t\t\t\t\t\t\t\t\t<div class=\"tb-column-inner tf_box tf_w\">\n\t\t\t\t<!-- module text -->\n<div  class=\"module module-text tb_eyyg100   \" data-lazy=\"1\">\n        <div  class=\"tb_text_wrap\">\n    <p>HappyMe on suunniteltu k\u00e4ytett\u00e4v\u00e4ksi koko organisaatiossa, aina henkil\u00f6st\u00f6osastosta johtamiseen saakka. Ty\u00f6ntekij\u00f6iden palautteeseen ja automatisoituihin tilastoihin perustuva l\u00e4hestymistapa auttaa organisaatioita menestym\u00e4\u00e4n paremmin. Ota yhteytt\u00e4 ilmaisen konsultaation sopimiseksi!<\/p>    <\/div>\n<\/div>\n<!-- \/module text -->\t\t\t\t<\/div><!-- .tb-column-inner -->\n\t\t\t\t\t\t<\/div><!-- .module_column -->\n\t\t\t\t\t<div  data-lazy=\"1\" class=\"module_column sub_column col3-1 tb_chwo783 last\">\n\t\t\t\t\t\t\t\t\t<div class=\"tb-column-inner tf_box tf_w\">\n\t\t\t\t<!-- module image -->\n<div  class=\"module module-image tb_vnon783   image-top tf_mw\" data-lazy=\"1\">\n        <div class=\"image-wrap tf_rel tf_mw\">\n\t\t    <img loading=\"lazy\" decoding=\"async\" width=\"1200\" height=\"798\" src=\"https:\/\/happyme.ee\/wp-content\/uploads\/2023\/04\/Kaidi-Nigulas.jpg\" class=\"wp-post-image wp-image-1298\" title=\"Kaidi Nigulas\" alt=\"Kaidi Nigulas\" srcset=\"https:\/\/happyme.ee\/wp-content\/uploads\/2023\/04\/Kaidi-Nigulas.jpg 1200w, https:\/\/happyme.ee\/wp-content\/uploads\/2023\/04\/Kaidi-Nigulas-300x200.jpg 300w, https:\/\/happyme.ee\/wp-content\/uploads\/2023\/04\/Kaidi-Nigulas-1024x681.jpg 1024w, https:\/\/happyme.ee\/wp-content\/uploads\/2023\/04\/Kaidi-Nigulas-768x511.jpg 768w, https:\/\/happyme.ee\/wp-content\/uploads\/2023\/04\/Kaidi-Nigulas-24x16.jpg 24w, https:\/\/happyme.ee\/wp-content\/uploads\/2023\/04\/Kaidi-Nigulas-36x24.jpg 36w, https:\/\/happyme.ee\/wp-content\/uploads\/2023\/04\/Kaidi-Nigulas-48x32.jpg 48w\" sizes=\"auto, (max-width: 1200px) 100vw, 1200px\" \/>\t\n\t\t<\/div>\n\t<!-- \/image-wrap -->\n    \n    \t<\/div>\n<!-- \/module image --><!-- module text -->\n<div  class=\"module module-text tb_fwod784   \" data-lazy=\"1\">\n        <div  class=\"tb_text_wrap\">\n    <h3>Kaidi Nigulas<\/h3>    <\/div>\n<\/div>\n<!-- \/module text --><!-- module text -->\n<div  class=\"module module-text tb_zsxf769   \" data-lazy=\"1\">\n        <div  class=\"tb_text_wrap\">\n    <p><a href=\"mailto:kaidi@happyme.ee\"><strong>kaidi@happyme.ee<\/strong><\/a><\/p>    <\/div>\n<\/div>\n<!-- \/module text --><!-- module text -->\n<div  class=\"module module-text tb_hkp0513   \" data-lazy=\"1\">\n        <div  class=\"tb_text_wrap\">\n    <p>Mit\u00e4 odottaa?<br>Selvit\u00e4mme 45 minuutin puhelun aikana, kuinka HAPPYME voi tukea organisaatiosi kehityst\u00e4 ja lis\u00e4t\u00e4 ihmisten sitoutumista.<\/p>    <\/div>\n<\/div>\n<!-- \/module text -->\t\t\t\t<\/div><!-- .tb-column-inner -->\n\t\t\t\t\t\t<\/div><!-- .module_column -->\n\t\t\t\t\t\t<\/div><!-- .subrow_inner -->\n\t\t<\/div><!-- .themify_builder_sub_row -->\n\t\t\t\t\t\t<div  data-lazy=\"1\" class=\"module_subrow themify_builder_sub_row tb_xexl901 tf_w tf_clearfix\">\n\t\t\t\t\t<div class=\"subrow_inner col_align_top tb_col_count_1 tf_box tf_w\">\n\t\t\t\t\t<div  data-lazy=\"1\" class=\"module_column sub_column col-full tb_1p9z901 first\">\n\t\t\t\t\t\t\t\t\t<div class=\"tb-column-inner tf_box tf_w\">\n\t\t\t\t<!-- module text -->\n<div  class=\"module module-text tb_msb9806   \" data-lazy=\"1\">\n        <div  class=\"tb_text_wrap\">\n    \n<div class=\"wpcf7 no-js\" id=\"wpcf7-f2218-o1\" lang=\"fi\" dir=\"ltr\" data-wpcf7-id=\"2218\">\n<div class=\"screen-reader-response\"><p role=\"status\" aria-live=\"polite\" aria-atomic=\"true\"><\/p> <ul><\/ul><\/div>\n<form action=\"\/fi\/wp-json\/wp\/v2\/pages\/1956#wpcf7-f2218-o1\" method=\"post\" class=\"wpcf7-form init\" aria-label=\"Yhteydenottolomake\" novalidate=\"novalidate\" data-status=\"init\">\n<fieldset class=\"hidden-fields-container\"><input type=\"hidden\" name=\"_wpcf7\" value=\"2218\" \/><input type=\"hidden\" name=\"_wpcf7_version\" value=\"6.1.5\" \/><input type=\"hidden\" name=\"_wpcf7_locale\" value=\"fi\" \/><input type=\"hidden\" name=\"_wpcf7_unit_tag\" value=\"wpcf7-f2218-o1\" \/><input type=\"hidden\" name=\"_wpcf7_container_post\" value=\"0\" \/><input type=\"hidden\" name=\"_wpcf7_posted_data_hash\" value=\"\" \/><input type=\"hidden\" name=\"_wpcf7_recaptcha_response\" value=\"\" \/>\n<\/fieldset>\n<div class=\"responsive-form clearfixa uppercase\" id=\"scroll\">\n\t<div class=\"form-row\">\n\t\t<div class=\"column-half\">\n\t\t\t<p><label>Nimi*<br \/>\n<span class=\"wpcf7-form-control-wrap\" data-name=\"nimi\"><input size=\"40\" maxlength=\"400\" class=\"wpcf7-form-control wpcf7-text wpcf7-validates-as-required\" aria-required=\"true\" aria-invalid=\"false\" value=\"\" type=\"text\" name=\"nimi\" \/><\/span><\/label>\n\t\t\t<\/p>\n\t\t<\/div>\n\t\t<div class=\"column-half\">\n\t\t\t<p><label>S\u00e4hk\u00f6posti*<br \/>\n<span class=\"wpcf7-form-control-wrap\" data-name=\"email\"><input size=\"40\" maxlength=\"400\" class=\"wpcf7-form-control wpcf7-email wpcf7-validates-as-required wpcf7-text wpcf7-validates-as-email\" aria-required=\"true\" aria-invalid=\"false\" value=\"\" type=\"email\" name=\"email\" \/><\/span><\/label>\n\t\t\t<\/p>\n\t\t<\/div>\n\t<\/div>\n\t<div class=\"form-row\">\n\t\t<div class=\"column-half\">\n\t\t\t<p><label>Puhelin<br \/>\n<span class=\"wpcf7-form-control-wrap\" data-name=\"telefon\"><input size=\"40\" maxlength=\"400\" class=\"wpcf7-form-control wpcf7-text\" aria-invalid=\"false\" value=\"\" type=\"text\" name=\"telefon\" \/><\/span><\/label>\n\t\t\t<\/p>\n\t\t<\/div>\n\t\t<div class=\"column-half\">\n\t\t\t<p><label>Yhti\u00f6*<br \/>\n<span class=\"wpcf7-form-control-wrap\" data-name=\"ettevote\"><input size=\"40\" maxlength=\"400\" class=\"wpcf7-form-control wpcf7-text wpcf7-validates-as-required\" aria-required=\"true\" aria-invalid=\"false\" value=\"\" type=\"text\" name=\"ettevote\" \/><\/span><\/label>\n\t\t\t<\/p>\n\t\t<\/div>\n\t<\/div>\n\t<div class=\"form-row\">\n\t\t<div class=\"column-full\">\n\t\t\t<p><label>Kommentti*<br \/>\n<span class=\"wpcf7-form-control-wrap\" data-name=\"textarea-862\"><textarea cols=\"40\" rows=\"6\" maxlength=\"2000\" class=\"wpcf7-form-control wpcf7-textarea wpcf7-validates-as-required\" aria-required=\"true\" aria-invalid=\"false\" name=\"textarea-862\"><\/textarea><\/span><\/label>\n\t\t\t<\/p>\n\t\t<\/div>\n\t<\/div>\n\t<div class=\"form-row\">\n\t\t<div class=\"column-full\">\n\t\t\t<p><span class=\"wpcf7-form-control-wrap\" data-name=\"kasutustinigmused\"><span class=\"wpcf7-form-control wpcf7-checkbox wpcf7-validates-as-required\"><span class=\"wpcf7-list-item first last\"><input type=\"checkbox\" name=\"kasutustinigmused[]\" value=\"Hyv\u00e4ksyn s\u00e4hk\u00f6postini k\u00e4yt\u00f6n l\u00e4hett\u00e4ess\u00e4ni vastauksen kysymykseen ja tarvittaessa toistuvaan kirjeenvaihtoon annetusta aiheesta.*\" \/><span class=\"wpcf7-list-item-label\">Hyv\u00e4ksyn s\u00e4hk\u00f6postini k\u00e4yt\u00f6n l\u00e4hett\u00e4ess\u00e4ni vastauksen kysymykseen ja tarvittaessa toistuvaan kirjeenvaihtoon annetusta aiheesta.*<\/span><\/span><\/span><\/span>\n\t\t\t<\/p>\n\t\t<\/div>\n\t<\/div>\n\t<div class=\"form-row\">\n\t\t<div class=\"column-full\">\n\t\t<div class=\"wpcf7-response-output\" aria-hidden=\"true\"><\/div>\n\t\t<\/div>\n\t<\/div>\n\t<div class=\"form-row\">\n\t\t<div class=\"column-full\">\n\t\t\t<div style=\"text-align:center;\">\n\t\t\t\t<p><input class=\"wpcf7-form-control wpcf7-submit has-spinner\" type=\"submit\" value=\"Tilaan demo\" \/>\n\t\t\t\t<\/p>\n\t\t\t<\/div>\n\t\t<\/div>\n\t<\/div>\n<\/div>\n<\/form>\n<\/div>\n    <\/div>\n<\/div>\n<!-- \/module text -->\t\t\t\t<\/div><!-- .tb-column-inner -->\n\t\t\t\t\t\t<\/div><!-- .module_column -->\n\t\t\t\t\t\t<\/div><!-- .subrow_inner -->\n\t\t<\/div><!-- .themify_builder_sub_row -->\n\t\t\t\t\t\t\t\t<\/div><!-- .tb-column-inner -->\n\t\t\t\t\t\t<\/div><!-- .module_column -->\n\t\t\t\t\t\t<\/div><!-- .row_inner -->\n\t\t<\/div><!-- .module_row -->\n\t\t\t\t<\/div>\n<!--\/themify_builder_content-->","protected":false},"excerpt":{"rendered":"<p>HappyMe on suunniteltu k\u00e4ytett\u00e4v\u00e4ksi koko organisaatiossa, aina henkil\u00f6st\u00f6osastosta johtamiseen saakka. Ty\u00f6ntekij\u00f6iden palautteeseen ja automatisoituihin tilastoihin perustuva l\u00e4hestymistapa auttaa organisaatioita menestym\u00e4\u00e4n paremmin. Ota yhteytt\u00e4 ilmaisen konsultaation sopimiseksi!<\/p>\n","protected":false},"author":1,"featured_media":0,"parent":0,"menu_order":0,"comment_status":"closed","ping_status":"closed","template":"","meta":{"footnotes":""},"class_list":["post-1956","page","type-page","status-publish","hentry","has-post-title","has-post-date","has-post-category","has-post-tag","has-post-comment","has-post-author",""],"acf":[],"yoast_head":"<!-- This site is optimized with the Yoast SEO plugin v27.5 - https:\/\/yoast.com\/product\/yoast-seo-wordpress\/ -->\n<title>Kerro Demo - Happyme<\/title>\n<meta name=\"robots\" content=\"index, follow, max-snippet:-1, max-image-preview:large, max-video-preview:-1\" \/>\n<link rel=\"canonical\" href=\"https:\/\/happyme.ee\/fi\/demo\/\" \/>\n<meta property=\"og:locale\" content=\"fi_FI\" \/>\n<meta property=\"og:type\" content=\"article\" \/>\n<meta property=\"og:title\" content=\"Kerro Demo - Happyme\" \/>\n<meta property=\"og:description\" content=\"HappyMe on suunniteltu k\u00e4ytett\u00e4v\u00e4ksi koko organisaatiossa, aina henkil\u00f6st\u00f6osastosta johtamiseen saakka. Ty\u00f6ntekij\u00f6iden palautteeseen ja automatisoituihin tilastoihin perustuva l\u00e4hestymistapa auttaa organisaatioita menestym\u00e4\u00e4n paremmin. Ota yhteytt\u00e4 ilmaisen konsultaation sopimiseksi!\" \/>\n<meta property=\"og:url\" content=\"https:\/\/happyme.ee\/fi\/demo\/\" \/>\n<meta property=\"og:site_name\" content=\"Happyme\" \/>\n<meta property=\"article:modified_time\" content=\"2024-02-08T19:07:54+00:00\" \/>\n<meta name=\"twitter:card\" content=\"summary_large_image\" \/>\n<script type=\"application\/ld+json\" class=\"yoast-schema-graph\">{\"@context\":\"https:\\\/\\\/schema.org\",\"@graph\":[{\"@type\":\"WebPage\",\"@id\":\"https:\\\/\\\/happyme.ee\\\/fi\\\/demo\\\/\",\"url\":\"https:\\\/\\\/happyme.ee\\\/fi\\\/demo\\\/\",\"name\":\"Kerro Demo - Happyme\",\"isPartOf\":{\"@id\":\"https:\\\/\\\/happyme.ee\\\/#website\"},\"datePublished\":\"2023-08-13T09:36:05+00:00\",\"dateModified\":\"2024-02-08T19:07:54+00:00\",\"breadcrumb\":{\"@id\":\"https:\\\/\\\/happyme.ee\\\/fi\\\/demo\\\/#breadcrumb\"},\"inLanguage\":\"fi\",\"potentialAction\":[{\"@type\":\"ReadAction\",\"target\":[\"https:\\\/\\\/happyme.ee\\\/fi\\\/demo\\\/\"]}]},{\"@type\":\"BreadcrumbList\",\"@id\":\"https:\\\/\\\/happyme.ee\\\/fi\\\/demo\\\/#breadcrumb\",\"itemListElement\":[{\"@type\":\"ListItem\",\"position\":1,\"name\":\"Home\",\"item\":\"https:\\\/\\\/happyme.ee\\\/happyme\\\/?lang=fi\"},{\"@type\":\"ListItem\",\"position\":2,\"name\":\"Kerro Demo\"}]},{\"@type\":\"WebSite\",\"@id\":\"https:\\\/\\\/happyme.ee\\\/#website\",\"url\":\"https:\\\/\\\/happyme.ee\\\/\",\"name\":\"Happyme\",\"description\":\"\",\"potentialAction\":[{\"@type\":\"SearchAction\",\"target\":{\"@type\":\"EntryPoint\",\"urlTemplate\":\"https:\\\/\\\/happyme.ee\\\/?s={search_term_string}\"},\"query-input\":{\"@type\":\"PropertyValueSpecification\",\"valueRequired\":true,\"valueName\":\"search_term_string\"}}],\"inLanguage\":\"fi\"}]}<\/script>\n<!-- \/ Yoast SEO plugin. -->","yoast_head_json":{"title":"Kerro Demo - Happyme","robots":{"index":"index","follow":"follow","max-snippet":"max-snippet:-1","max-image-preview":"max-image-preview:large","max-video-preview":"max-video-preview:-1"},"canonical":"https:\/\/happyme.ee\/fi\/demo\/","og_locale":"fi_FI","og_type":"article","og_title":"Kerro Demo - Happyme","og_description":"HappyMe on suunniteltu k\u00e4ytett\u00e4v\u00e4ksi koko organisaatiossa, aina henkil\u00f6st\u00f6osastosta johtamiseen saakka. Ty\u00f6ntekij\u00f6iden palautteeseen ja automatisoituihin tilastoihin perustuva l\u00e4hestymistapa auttaa organisaatioita menestym\u00e4\u00e4n paremmin. Ota yhteytt\u00e4 ilmaisen konsultaation sopimiseksi!","og_url":"https:\/\/happyme.ee\/fi\/demo\/","og_site_name":"Happyme","article_modified_time":"2024-02-08T19:07:54+00:00","twitter_card":"summary_large_image","schema":{"@context":"https:\/\/schema.org","@graph":[{"@type":"WebPage","@id":"https:\/\/happyme.ee\/fi\/demo\/","url":"https:\/\/happyme.ee\/fi\/demo\/","name":"Kerro Demo - Happyme","isPartOf":{"@id":"https:\/\/happyme.ee\/#website"},"datePublished":"2023-08-13T09:36:05+00:00","dateModified":"2024-02-08T19:07:54+00:00","breadcrumb":{"@id":"https:\/\/happyme.ee\/fi\/demo\/#breadcrumb"},"inLanguage":"fi","potentialAction":[{"@type":"ReadAction","target":["https:\/\/happyme.ee\/fi\/demo\/"]}]},{"@type":"BreadcrumbList","@id":"https:\/\/happyme.ee\/fi\/demo\/#breadcrumb","itemListElement":[{"@type":"ListItem","position":1,"name":"Home","item":"https:\/\/happyme.ee\/happyme\/?lang=fi"},{"@type":"ListItem","position":2,"name":"Kerro Demo"}]},{"@type":"WebSite","@id":"https:\/\/happyme.ee\/#website","url":"https:\/\/happyme.ee\/","name":"Happyme","description":"","potentialAction":[{"@type":"SearchAction","target":{"@type":"EntryPoint","urlTemplate":"https:\/\/happyme.ee\/?s={search_term_string}"},"query-input":{"@type":"PropertyValueSpecification","valueRequired":true,"valueName":"search_term_string"}}],"inLanguage":"fi"}]}},"builder_content":"<p>HappyMe on suunniteltu k\u00e4ytett\u00e4v\u00e4ksi koko organisaatiossa, aina henkil\u00f6st\u00f6osastosta johtamiseen saakka. Ty\u00f6ntekij\u00f6iden palautteeseen ja automatisoituihin tilastoihin perustuva l\u00e4hestymistapa auttaa organisaatioita menestym\u00e4\u00e4n paremmin. Ota yhteytt\u00e4 ilmaisen konsultaation sopimiseksi!<\/p>\n<img src=\"https:\/\/happyme.ee\/wp-content\/uploads\/2023\/04\/Kaidi-Nigulas.jpg\" title=\"Kaidi Nigulas\" alt=\"Kaidi Nigulas\" srcset=\"https:\/\/happyme.ee\/wp-content\/uploads\/2023\/04\/Kaidi-Nigulas.jpg 1200w, https:\/\/happyme.ee\/wp-content\/uploads\/2023\/04\/Kaidi-Nigulas-300x200.jpg 300w, https:\/\/happyme.ee\/wp-content\/uploads\/2023\/04\/Kaidi-Nigulas-1024x681.jpg 1024w, https:\/\/happyme.ee\/wp-content\/uploads\/2023\/04\/Kaidi-Nigulas-768x511.jpg 768w, https:\/\/happyme.ee\/wp-content\/uploads\/2023\/04\/Kaidi-Nigulas-24x16.jpg 24w, https:\/\/happyme.ee\/wp-content\/uploads\/2023\/04\/Kaidi-Nigulas-36x24.jpg 36w, https:\/\/happyme.ee\/wp-content\/uploads\/2023\/04\/Kaidi-Nigulas-48x32.jpg 48w\" sizes=\"(max-width: 1200px) 100vw, 1200px\" \/>\n<h3>Kaidi Nigulas<\/h3>\n<p><a href=\"mailto:kaidi@happyme.ee\"><strong>kaidi@happyme.ee<\/strong><\/a><\/p>\n<p>Mit\u00e4 odottaa?<br>Selvit\u00e4mme 45 minuutin puhelun aikana, kuinka HAPPYME voi tukea organisaatiosi kehityst\u00e4 ja lis\u00e4t\u00e4 ihmisten sitoutumista.<\/p>\n<p>[contact-form-7 id=\"9a4a704\" title=\"Palvelupyynt\u00f6lomake\"]<\/p>","_links":{"self":[{"href":"https:\/\/happyme.ee\/fi\/wp-json\/wp\/v2\/pages\/1956","targetHints":{"allow":["GET"]}}],"collection":[{"href":"https:\/\/happyme.ee\/fi\/wp-json\/wp\/v2\/pages"}],"about":[{"href":"https:\/\/happyme.ee\/fi\/wp-json\/wp\/v2\/types\/page"}],"author":[{"embeddable":true,"href":"https:\/\/happyme.ee\/fi\/wp-json\/wp\/v2\/users\/1"}],"replies":[{"embeddable":true,"href":"https:\/\/happyme.ee\/fi\/wp-json\/wp\/v2\/comments?post=1956"}],"version-history":[{"count":5,"href":"https:\/\/happyme.ee\/fi\/wp-json\/wp\/v2\/pages\/1956\/revisions"}],"predecessor-version":[{"id":2097,"href":"https:\/\/happyme.ee\/fi\/wp-json\/wp\/v2\/pages\/1956\/revisions\/2097"}],"wp:attachment":[{"href":"https:\/\/happyme.ee\/fi\/wp-json\/wp\/v2\/media?parent=1956"}],"curies":[{"name":"wp","href":"https:\/\/api.w.org\/{rel}","templated":true}]}}