{"id":1967,"date":"2023-02-08T15:10:14","date_gmt":"2023-02-08T13:10:14","guid":{"rendered":"https:\/\/happyme.ee\/yhteystiedot\/"},"modified":"2024-01-30T21:57:29","modified_gmt":"2024-01-30T19:57:29","slug":"yhteystiedot","status":"publish","type":"page","link":"https:\/\/happyme.ee\/fi\/yhteystiedot\/","title":{"rendered":"Yhteystiedot"},"content":{"rendered":"<!--themify_builder_content-->\n<div id=\"themify_builder_content-1967\" data-postid=\"1967\" class=\"themify_builder_content themify_builder_content-1967 themify_builder tf_clear\">\n    \t\t\t\t<!-- module_row -->\n\t\t<div  data-lazy=\"1\" class=\"module_row themify_builder_row tb_hcmu604 tb_first tf_w tf_clearfix\">\n\t\t\t\t\t<div class=\"row_inner col_align_top tb_col_count_1 tf_box tf_rel\">\n\t\t\t\t\t<div  data-lazy=\"1\" class=\"module_column tb-column col-full tb_yiji606 first\">\n\t\t\t\t\t\t\t<\/div><!-- .module_column -->\n\t\t\t\t\t\t<\/div><!-- .row_inner -->\n\t\t<\/div><!-- .module_row -->\n\t\t\t\t\t\t\t\t<!-- module_row -->\n\t\t<div  data-lazy=\"1\" class=\"module_row themify_builder_row tb_nj2t318 tf_w tf_clearfix\">\n\t\t\t\t\t<div class=\"row_inner col_align_top tb_col_count_1 tf_box tf_rel\">\n\t\t\t\t\t<div  data-lazy=\"1\" class=\"module_column tb-column col-full tb_h2td319 first\">\n\t\t\t\t\t\t\t\t\t<div class=\"tb-column-inner tf_box tf_w\">\n\t\t\t\t<!-- module fancy heading -->\n<div  class=\"module module-fancy-heading tb_nwqr89 \" data-lazy=\"1\">\n\t    <h2 class=\"fancy-heading tf_textc\">\n    <span class=\"main-head tf_block\">\n\t\t\t\t\tYhteystiedot\t\t    <\/span>\n\n\t\n    <span class=\"sub-head tf_block tf_rel\">\n\t\t\t\t\t\t\t    <\/span>\n    <\/h2>\n<\/div>\n<!-- \/module fancy heading -->\n\t\t<div  data-lazy=\"1\" class=\"module_subrow themify_builder_sub_row tb_2uf6906 tf_w tf_clearfix\">\n\t\t\t\t\t<div class=\"subrow_inner col_align_top tb_col_count_3 tf_box tf_w\">\n\t\t\t\t\t<div  data-lazy=\"1\" class=\"module_column sub_column col3-1 tb_p0sg906 first\">\n\t\t\t\t\t\t\t\t\t<div class=\"tb-column-inner tf_box tf_w\">\n\t\t\t\t<!-- module feature -->\n<div  class=\"module module-feature tb_8p4k780 no-chart layout-icon-top size-small \" data-layout-mobile=\"icon-top\" data-layout-desktop=\"icon-top\" data-lazy=\"1\">\n\t    <div class=\"module-feature-image tf_textc tf_rel\">\n\t\t\t\t\t\t\t<span class=\"module-feature-chart-html5 tf_box tf_rel tf_inline_b\">\n\t\t\t\t\t\t\t\t<span class=\"chart-html5-circle tf_w tf_h\">\n\t\t\t\t\t\t\t\t\t\t\t<em class=\"module-feature-icon tf_rel\" style=\"color:#748875\"><svg  class=\"tf_fa tf-fas-home\" aria-hidden=\"true\"><use href=\"#tf-fas-home\"><\/use><\/svg><\/em>\n\t\t\t\t\t\t\t\t\t<\/span>\n\n\t\t\t\t\n\t\t\t<\/span>\n\t\t\t    <\/div>\n    <div class=\"module-feature-content tf_textc\">\n\t\t\t\t\t<h3 class=\"module-feature-title\">\n\t\t\t\t\t\t\tHappy Workplace O\u00dc\t\t\t\t\t\t<\/h3>\n\t\t\t\t\t<div class=\"tb_text_wrap\">\n\t\t\t<p>Rekisterikoodi 14327101<br>Tallinn \/ P\u00e4rnu<\/p>\t\t<\/div>\n    <\/div>\n<\/div>\n<!-- \/module feature -->\n\t\t\t\t<\/div><!-- .tb-column-inner -->\n\t\t\t\t\t\t<\/div><!-- .module_column -->\n\t\t\t\t\t<div  data-lazy=\"1\" class=\"module_column sub_column col3-1 tb_pbrk906\">\n\t\t\t\t\t\t\t\t\t<div class=\"tb-column-inner tf_box tf_w\">\n\t\t\t\t<!-- module feature -->\n<div  class=\"module module-feature tb_mu2b136 no-chart layout-icon-top size-small \" data-layout-mobile=\"icon-top\" data-layout-desktop=\"icon-top\" data-lazy=\"1\">\n\t    <div class=\"module-feature-image tf_textc tf_rel\">\n\t\t\t\t\t\t\t<span class=\"module-feature-chart-html5 tf_box tf_rel tf_inline_b\">\n\t\t\t\t\t\t\t\t<span class=\"chart-html5-circle tf_w tf_h\">\n\t\t\t\t\t\t\t\t\t\t\t<em class=\"module-feature-icon tf_rel\" style=\"color:#748875\"><svg  class=\"tf_fa tf-far-envelope\" aria-hidden=\"true\"><use href=\"#tf-far-envelope\"><\/use><\/svg><\/em>\n\t\t\t\t\t\t\t\t\t<\/span>\n\n\t\t\t\t\n\t\t\t<\/span>\n\t\t\t    <\/div>\n    <div class=\"module-feature-content tf_textc\">\n\t\t\t\t\t<h3 class=\"module-feature-title\">\n\t\t\t\t\t\t\tYleisi\u00e4 kysymyksi\u00e4\t\t\t\t\t\t<\/h3>\n\t\t\t\t\t<div class=\"tb_text_wrap\">\n\t\t\t<p class=\"elementor-icon-box-title\"><a href=\"mailto:info@happyme.ee\">info@happyme.ee<\/a><\/p>\t\t<\/div>\n    <\/div>\n<\/div>\n<!-- \/module feature -->\n<!-- module text -->\n<div  class=\"module module-text tb_0mfp811   \" data-lazy=\"1\">\n    <h3 class=\"module-title\">K\u00e4ytt\u00e4j\u00e4tuki<\/h3>    <div  class=\"tb_text_wrap\">\n    <p class=\"elementor-icon-box-title\"><a href=\"mailto:support@happyme.ee\">support@happyme.ee<\/a><\/p>    <\/div>\n<\/div>\n<!-- \/module text -->\t\t\t\t<\/div><!-- .tb-column-inner -->\n\t\t\t\t\t\t<\/div><!-- .module_column -->\n\t\t\t\t\t<div  data-lazy=\"1\" class=\"module_column sub_column col3-1 tb_5vyb906 last\">\n\t\t\t\t\t\t\t\t\t<div class=\"tb-column-inner tf_box tf_w\">\n\t\t\t\t<!-- module feature -->\n<div  class=\"module module-feature tb_5ipb999 no-chart layout-icon-top size-small \" data-layout-mobile=\"icon-top\" data-layout-desktop=\"icon-top\" data-lazy=\"1\">\n\t    <div class=\"module-feature-image tf_textc tf_rel\">\n\t\t\t\t\t\t\t<span class=\"module-feature-chart-html5 tf_box tf_rel tf_inline_b\">\n\t\t\t\t\t\t\t\t<span class=\"chart-html5-circle tf_w tf_h\">\n\t\t\t\t\t\t\t\t\t\t\t<em class=\"module-feature-icon tf_rel\" style=\"color:#748875\"><svg  class=\"tf_fa tf-fas-mobile-alt\" aria-hidden=\"true\"><use href=\"#tf-fas-mobile-alt\"><\/use><\/svg><\/em>\n\t\t\t\t\t\t\t\t\t<\/span>\n\n\t\t\t\t\n\t\t\t<\/span>\n\t\t\t    <\/div>\n    <div class=\"module-feature-content tf_textc\">\n\t\t\t\t\t<h3 class=\"module-feature-title\">\n\t\t\t\t\t\t\tYleisi\u00e4 kysymyksi\u00e4 ja kiireellisi\u00e4 asioita.\t\t\t\t\t\t<\/h3>\n\t\t\t\t\t<div class=\"tb_text_wrap\">\n\t\t\t<p class=\"elementor-icon-box-title\"><a href=\"tel:+372%2052%2009%20285\">+372 52 09 285<\/a><\/p>\t\t<\/div>\n    <\/div>\n<\/div>\n<!-- \/module feature -->\n\t\t\t\t<\/div><!-- .tb-column-inner -->\n\t\t\t\t\t\t<\/div><!-- .module_column -->\n\t\t\t\t\t\t<\/div><!-- .subrow_inner -->\n\t\t<\/div><!-- .themify_builder_sub_row -->\n\t\t\t\t\t\t\t\t<\/div><!-- .tb-column-inner -->\n\t\t\t\t\t\t<\/div><!-- .module_column -->\n\t\t\t\t\t\t<\/div><!-- .row_inner -->\n\t\t<\/div><!-- .module_row -->\n\t\t\t\t\t\t\t\t<!-- module_row -->\n\t\t<div  data-lazy=\"1\" class=\"module_row themify_builder_row tb_84oo334 tf_w tf_clearfix\">\n\t\t\t\t\t<div class=\"row_inner col_align_top tb_col_count_1 tf_box tf_rel\">\n\t\t\t\t\t<div  data-lazy=\"1\" class=\"module_column tb-column col-full tb_k66x335 first\">\n\t\t\t\t\t\t\t\t\t<div class=\"tb-column-inner tf_box tf_w\">\n\t\t\t\t<!-- module text -->\n<div  class=\"module module-text tb_jt6u4   \" data-lazy=\"1\">\n        <div  class=\"tb_text_wrap\">\n    <h2 class=\"elementor-heading-title elementor-size-default\" style=\"text-align: center;\">Kirjoita meille<\/h2>    <\/div>\n<\/div>\n<!-- \/module text --><!-- module text -->\n<div  class=\"module module-text tb_m7o4362   \" data-lazy=\"1\">\n        <div  class=\"tb_text_wrap\">\n    <p style=\"text-align: center;\"><strong>L\u00e4hetetty\u00e4si meille tiedustelun alla olevalla lomakkeella, otamme sinuun yhteytt\u00e4 viimeist\u00e4\u00e4n seuraavana ty\u00f6p\u00e4iv\u00e4n\u00e4.<\/strong><\/p>    <\/div>\n<\/div>\n<!-- \/module text -->\t\t\t\t<\/div><!-- .tb-column-inner -->\n\t\t\t\t\t\t<\/div><!-- .module_column -->\n\t\t\t\t\t\t<\/div><!-- .row_inner -->\n\t\t<\/div><!-- .module_row -->\n\t\t\t\t\t\t\t\t<!-- module_row -->\n\t\t<div  data-lazy=\"1\" class=\"module_row themify_builder_row tb_8923911 tf_w tf_clearfix\">\n\t\t\t\t\t<div class=\"row_inner col_align_top gutter-none tb_col_count_2 tf_box tf_rel\">\n\t\t\t\t\t<div  data-lazy=\"1\" class=\"module_column tb-column col3-1 tb_gn79911 first\">\n\t\t\t\t\t\t\t<\/div><!-- .module_column -->\n\t\t\t\t\t<div  data-lazy=\"1\" class=\"module_column tb-column col3-2 tb_2ss898 last\">\n\t\t\t\t\t\t\t\t\t<div class=\"tb-column-inner tf_box tf_w\">\n\t\t\t\t\t\t<div  data-lazy=\"1\" class=\"module_subrow themify_builder_sub_row tb_icwl691 tf_w tf_clearfix\">\n\t\t\t\t\t<div class=\"subrow_inner col_align_top tb_col_count_1 tf_box tf_w\">\n\t\t\t\t\t<div  data-lazy=\"1\" class=\"module_column sub_column col-full tb_wv3t691 first\">\n\t\t\t\t\t\t\t\t\t<div class=\"tb-column-inner tf_box tf_w\">\n\t\t\t\t<!-- module text -->\n<div  class=\"module module-text tb_i9ai407   \" data-lazy=\"1\">\n        <div  class=\"tb_text_wrap\">\n    <h3>Pyyd\u00e4 rohkeasti esittely, anna palautetta tai pyyd\u00e4 henkil\u00f6kohtainen tarjous.<\/h3>    <\/div>\n<\/div>\n<!-- \/module text --><!-- module text -->\n<div  class=\"module module-text tb_0o1a419   \" data-lazy=\"1\">\n        <div  class=\"tb_text_wrap\">\n    <p>Vastaamme mielell\u00e4mme kaikkiin kysymyksiisi. Kirjoita kysymyksesi alla olevaan lomakkeeseen, niin otamme sinuun yhteytt\u00e4. Odotamme innolla kirjett\u00e4si!<\/p>    <\/div>\n<\/div>\n<!-- \/module text --><!-- module text -->\n<div  class=\"module module-text tb_8cou285   \" data-lazy=\"1\">\n        <div  class=\"tb_text_wrap\">\n    \n<div class=\"wpcf7 no-js\" id=\"wpcf7-f2076-o1\" lang=\"fi\" dir=\"ltr\" data-wpcf7-id=\"2076\">\n<div class=\"screen-reader-response\"><p role=\"status\" aria-live=\"polite\" aria-atomic=\"true\"><\/p> <ul><\/ul><\/div>\n<form action=\"\/fi\/wp-json\/wp\/v2\/pages\/1967#wpcf7-f2076-o1\" method=\"post\" class=\"wpcf7-form init\" aria-label=\"Yhteydenottolomake\" novalidate=\"novalidate\" data-status=\"init\">\n<fieldset class=\"hidden-fields-container\"><input type=\"hidden\" name=\"_wpcf7\" value=\"2076\" \/><input type=\"hidden\" name=\"_wpcf7_version\" value=\"6.1.5\" \/><input type=\"hidden\" name=\"_wpcf7_locale\" value=\"fi\" \/><input type=\"hidden\" name=\"_wpcf7_unit_tag\" value=\"wpcf7-f2076-o1\" \/><input type=\"hidden\" name=\"_wpcf7_container_post\" value=\"0\" \/><input type=\"hidden\" name=\"_wpcf7_posted_data_hash\" value=\"\" \/><input type=\"hidden\" name=\"_wpcf7_recaptcha_response\" value=\"\" \/>\n<\/fieldset>\n<div class=\"responsive-form clearfixa uppercase\" id=\"scroll\">\n\t<div class=\"form-row\">\n\t\t<div class=\"column-full\">\n\t\t\t<p><label>Nimi <span style=\"color:red\">*<\/span><br \/>\n<span class=\"wpcf7-form-control-wrap\" data-name=\"nimi\"><input size=\"40\" maxlength=\"400\" class=\"wpcf7-form-control wpcf7-text wpcf7-validates-as-required\" aria-required=\"true\" aria-invalid=\"false\" value=\"\" type=\"text\" name=\"nimi\" \/><\/span><\/label>\n\t\t\t<\/p>\n\t\t<\/div>\n\t<\/div>\n\t<div class=\"form-row\">\n\t\t<div class=\"column-full\">\n\t\t\t<p><label>S\u00e4hk\u00f6posti <span style=\"color:red\">*<\/span><br \/>\n<span class=\"wpcf7-form-control-wrap\" data-name=\"email\"><input size=\"40\" maxlength=\"400\" class=\"wpcf7-form-control wpcf7-email wpcf7-validates-as-required wpcf7-text wpcf7-validates-as-email\" aria-required=\"true\" aria-invalid=\"false\" value=\"\" type=\"email\" name=\"email\" \/><\/span><\/label>\n\t\t\t<\/p>\n\t\t<\/div>\n\t<\/div>\n\t<div class=\"form-row\">\n\t\t<div class=\"column-full\">\n\t\t\t<p><label>Puhelin <span style=\"color:red\">*<\/span><br \/>\n<span class=\"wpcf7-form-control-wrap\" data-name=\"telefon\"><input size=\"40\" maxlength=\"400\" class=\"wpcf7-form-control wpcf7-text wpcf7-validates-as-required\" aria-required=\"true\" aria-invalid=\"false\" value=\"\" type=\"text\" name=\"telefon\" \/><\/span><\/label>\n\t\t\t<\/p>\n\t\t<\/div>\n\t<\/div>\n\t<div class=\"form-row\">\n\t\t<div class=\"column-full\">\n\t\t\t<p><label>Tiedot <span style=\"color:red\">*<\/span><br \/>\n<span class=\"wpcf7-form-control-wrap\" data-name=\"textarea-862\"><textarea cols=\"40\" rows=\"6\" maxlength=\"2000\" class=\"wpcf7-form-control wpcf7-textarea wpcf7-validates-as-required\" aria-required=\"true\" aria-invalid=\"false\" name=\"textarea-862\"><\/textarea><\/span><\/label>\n\t\t\t<\/p>\n\t\t<\/div>\n\t<\/div>\n\t<div class=\"form-row\">\n\t\t<div class=\"column-full\">\n\t\t\t<p><span class=\"wpcf7-form-control-wrap\" data-name=\"kasutustinigmused\"><span class=\"wpcf7-form-control wpcf7-checkbox wpcf7-validates-as-required\"><span class=\"wpcf7-list-item first last\"><input type=\"checkbox\" name=\"kasutustinigmused[]\" value=\"* Hyv\u00e4ksyn s\u00e4hk\u00f6postini k\u00e4yt\u00f6n l\u00e4hett\u00e4ess\u00e4ni vastauksen kysymykseen ja tarvittaessa toistuvaan kirjeenvaihtoon annetusta aiheesta.\" \/><span class=\"wpcf7-list-item-label\">* Hyv\u00e4ksyn s\u00e4hk\u00f6postini k\u00e4yt\u00f6n l\u00e4hett\u00e4ess\u00e4ni vastauksen kysymykseen ja tarvittaessa toistuvaan kirjeenvaihtoon annetusta aiheesta.<\/span><\/span><\/span><\/span>\n\t\t\t<\/p>\n\t\t<\/div>\n\t<\/div>\n\t<div class=\"form-row\">\n\t\t<div class=\"column-full\">\n\t\t<div class=\"wpcf7-response-output\" aria-hidden=\"true\"><\/div>\n\t\t<\/div>\n\t<\/div>\n\t<div class=\"form-row\">\n\t\t<div class=\"column-full\">\n\t\t\t<div style=\"text-align:center;\">\n\t\t\t\t<p><input class=\"wpcf7-form-control wpcf7-submit has-spinner\" type=\"submit\" value=\"L\u00e4hett\u00e4\u00e4\" \/>\n\t\t\t\t<\/p>\n\t\t\t<\/div>\n\t\t<\/div>\n\t<\/div>\n<\/div>\n<\/form>\n<\/div>\n    <\/div>\n<\/div>\n<!-- \/module text -->\t\t\t\t<\/div><!-- .tb-column-inner -->\n\t\t\t\t\t\t<\/div><!-- .module_column -->\n\t\t\t\t\t\t<\/div><!-- .subrow_inner -->\n\t\t<\/div><!-- .themify_builder_sub_row -->\n\t\t\t\t\t\t\t\t<\/div><!-- .tb-column-inner -->\n\t\t\t\t\t\t<\/div><!-- .module_column -->\n\t\t\t\t\t\t<\/div><!-- .row_inner -->\n\t\t<\/div><!-- .module_row -->\n\t\t\t\t<\/div>\n<!--\/themify_builder_content-->","protected":false},"excerpt":{"rendered":"<p>Kontakt Happy Workplace O\u00dc Registrikood 14327101Tallinn \/ P\u00e4rnu \u00dcldk\u00fcsimused info@happyme.ee Kasutajatugi support@happyme.ee \u00dcldk\u00fcsimused ja kiired asjad. +372 52 09 285 Kirjuta meile Kui saadad meile alloleva vormi kaudu p\u00e4ringu, v\u00f5tame sinuga hiljemalt j\u00e4rgmisel t\u00f6\u00f6p\u00e4eval \u00fchendust. K\u00fcsi julgesti demo, anna tagasisidet v\u00f5i k\u00fcsi personaalset pakkumist. Vastame hea meelega k\u00f5ikidele k\u00fcsimustele v\u00f5i muredele, mis teil v\u00f5ivad olla. [&hellip;]<\/p>\n","protected":false},"author":1,"featured_media":0,"parent":0,"menu_order":0,"comment_status":"closed","ping_status":"closed","template":"","meta":{"footnotes":""},"class_list":["post-1967","page","type-page","status-publish","hentry","has-post-title","has-post-date","has-post-category","has-post-tag","has-post-comment","has-post-author",""],"acf":[],"yoast_head":"<!-- This site is optimized with the Yoast SEO plugin v27.3 - https:\/\/yoast.com\/product\/yoast-seo-wordpress\/ -->\n<title>Yhteystiedot - Happyme<\/title>\n<meta name=\"robots\" content=\"index, follow, max-snippet:-1, max-image-preview:large, max-video-preview:-1\" \/>\n<link rel=\"canonical\" href=\"https:\/\/happyme.ee\/yhteystiedot\/?lang=fi\" \/>\n<meta property=\"og:locale\" content=\"fi_FI\" \/>\n<meta property=\"og:type\" content=\"article\" \/>\n<meta property=\"og:title\" content=\"Yhteystiedot - Happyme\" \/>\n<meta property=\"og:description\" content=\"Kontakt Happy Workplace O\u00dc Registrikood 14327101Tallinn \/ P\u00e4rnu \u00dcldk\u00fcsimused info@happyme.ee Kasutajatugi support@happyme.ee \u00dcldk\u00fcsimused ja kiired asjad. +372 52 09 285 Kirjuta meile Kui saadad meile alloleva vormi kaudu p\u00e4ringu, v\u00f5tame sinuga hiljemalt j\u00e4rgmisel t\u00f6\u00f6p\u00e4eval \u00fchendust. K\u00fcsi julgesti demo, anna tagasisidet v\u00f5i k\u00fcsi personaalset pakkumist. Vastame hea meelega k\u00f5ikidele k\u00fcsimustele v\u00f5i muredele, mis teil v\u00f5ivad olla. [&hellip;]\" \/>\n<meta property=\"og:url\" content=\"https:\/\/happyme.ee\/yhteystiedot\/?lang=fi\" \/>\n<meta property=\"og:site_name\" content=\"Happyme\" \/>\n<meta property=\"article:modified_time\" content=\"2024-01-30T19:57:29+00:00\" \/>\n<meta name=\"twitter:card\" content=\"summary_large_image\" \/>\n<script type=\"application\/ld+json\" class=\"yoast-schema-graph\">{\"@context\":\"https:\\\/\\\/schema.org\",\"@graph\":[{\"@type\":\"WebPage\",\"@id\":\"https:\\\/\\\/happyme.ee\\\/yhteystiedot\\\/?lang=fi\",\"url\":\"https:\\\/\\\/happyme.ee\\\/yhteystiedot\\\/?lang=fi\",\"name\":\"Yhteystiedot - Happyme\",\"isPartOf\":{\"@id\":\"https:\\\/\\\/happyme.ee\\\/#website\"},\"datePublished\":\"2023-02-08T13:10:14+00:00\",\"dateModified\":\"2024-01-30T19:57:29+00:00\",\"breadcrumb\":{\"@id\":\"https:\\\/\\\/happyme.ee\\\/yhteystiedot\\\/?lang=fi#breadcrumb\"},\"inLanguage\":\"fi\",\"potentialAction\":[{\"@type\":\"ReadAction\",\"target\":[\"https:\\\/\\\/happyme.ee\\\/yhteystiedot\\\/?lang=fi\"]}]},{\"@type\":\"BreadcrumbList\",\"@id\":\"https:\\\/\\\/happyme.ee\\\/yhteystiedot\\\/?lang=fi#breadcrumb\",\"itemListElement\":[{\"@type\":\"ListItem\",\"position\":1,\"name\":\"Home\",\"item\":\"https:\\\/\\\/happyme.ee\\\/happyme\\\/?lang=fi\"},{\"@type\":\"ListItem\",\"position\":2,\"name\":\"Yhteystiedot\"}]},{\"@type\":\"WebSite\",\"@id\":\"https:\\\/\\\/happyme.ee\\\/#website\",\"url\":\"https:\\\/\\\/happyme.ee\\\/\",\"name\":\"Happyme\",\"description\":\"\",\"potentialAction\":[{\"@type\":\"SearchAction\",\"target\":{\"@type\":\"EntryPoint\",\"urlTemplate\":\"https:\\\/\\\/happyme.ee\\\/?s={search_term_string}\"},\"query-input\":{\"@type\":\"PropertyValueSpecification\",\"valueRequired\":true,\"valueName\":\"search_term_string\"}}],\"inLanguage\":\"fi\"}]}<\/script>\n<!-- \/ Yoast SEO plugin. -->","yoast_head_json":{"title":"Yhteystiedot - Happyme","robots":{"index":"index","follow":"follow","max-snippet":"max-snippet:-1","max-image-preview":"max-image-preview:large","max-video-preview":"max-video-preview:-1"},"canonical":"https:\/\/happyme.ee\/yhteystiedot\/?lang=fi","og_locale":"fi_FI","og_type":"article","og_title":"Yhteystiedot - Happyme","og_description":"Kontakt Happy Workplace O\u00dc Registrikood 14327101Tallinn \/ P\u00e4rnu \u00dcldk\u00fcsimused info@happyme.ee Kasutajatugi support@happyme.ee \u00dcldk\u00fcsimused ja kiired asjad. +372 52 09 285 Kirjuta meile Kui saadad meile alloleva vormi kaudu p\u00e4ringu, v\u00f5tame sinuga hiljemalt j\u00e4rgmisel t\u00f6\u00f6p\u00e4eval \u00fchendust. K\u00fcsi julgesti demo, anna tagasisidet v\u00f5i k\u00fcsi personaalset pakkumist. Vastame hea meelega k\u00f5ikidele k\u00fcsimustele v\u00f5i muredele, mis teil v\u00f5ivad olla. [&hellip;]","og_url":"https:\/\/happyme.ee\/yhteystiedot\/?lang=fi","og_site_name":"Happyme","article_modified_time":"2024-01-30T19:57:29+00:00","twitter_card":"summary_large_image","schema":{"@context":"https:\/\/schema.org","@graph":[{"@type":"WebPage","@id":"https:\/\/happyme.ee\/yhteystiedot\/?lang=fi","url":"https:\/\/happyme.ee\/yhteystiedot\/?lang=fi","name":"Yhteystiedot - Happyme","isPartOf":{"@id":"https:\/\/happyme.ee\/#website"},"datePublished":"2023-02-08T13:10:14+00:00","dateModified":"2024-01-30T19:57:29+00:00","breadcrumb":{"@id":"https:\/\/happyme.ee\/yhteystiedot\/?lang=fi#breadcrumb"},"inLanguage":"fi","potentialAction":[{"@type":"ReadAction","target":["https:\/\/happyme.ee\/yhteystiedot\/?lang=fi"]}]},{"@type":"BreadcrumbList","@id":"https:\/\/happyme.ee\/yhteystiedot\/?lang=fi#breadcrumb","itemListElement":[{"@type":"ListItem","position":1,"name":"Home","item":"https:\/\/happyme.ee\/happyme\/?lang=fi"},{"@type":"ListItem","position":2,"name":"Yhteystiedot"}]},{"@type":"WebSite","@id":"https:\/\/happyme.ee\/#website","url":"https:\/\/happyme.ee\/","name":"Happyme","description":"","potentialAction":[{"@type":"SearchAction","target":{"@type":"EntryPoint","urlTemplate":"https:\/\/happyme.ee\/?s={search_term_string}"},"query-input":{"@type":"PropertyValueSpecification","valueRequired":true,"valueName":"search_term_string"}}],"inLanguage":"fi"}]}},"builder_content":"<h2>Yhteystiedot<br\/><\/h2>\n<em style=\"color:#748875\"><svg aria-hidden=\"true\"><use href=\"#tf-fas-home\"><\/use><\/svg><\/em> \n <h3> Happy Workplace O\u00dc <\/h3> <p>Rekisterikoodi 14327101<br>Tallinn \/ P\u00e4rnu<\/p>\n<em style=\"color:#748875\"><svg aria-hidden=\"true\"><use href=\"#tf-far-envelope\"><\/use><\/svg><\/em> \n <h3> Yleisi\u00e4 kysymyksi\u00e4 <\/h3> <p><a href=\"mailto:info@happyme.ee\">info@happyme.ee<\/a><\/p>\n<h3>K\u00e4ytt\u00e4j\u00e4tuki<\/h3> <p><a href=\"mailto:support@happyme.ee\">support@happyme.ee<\/a><\/p>\n<em style=\"color:#748875\"><svg aria-hidden=\"true\"><use href=\"#tf-fas-mobile-alt\"><\/use><\/svg><\/em> \n <h3> Yleisi\u00e4 kysymyksi\u00e4 ja kiireellisi\u00e4 asioita. <\/h3> <p><a href=\"tel:+372%2052%2009%20285\">+372 52 09 285<\/a><\/p>\n<h2 style=\"text-align: center;\">Kirjoita meille<\/h2>\n<p style=\"text-align: center;\"><strong>L\u00e4hetetty\u00e4si meille tiedustelun alla olevalla lomakkeella, otamme sinuun yhteytt\u00e4 viimeist\u00e4\u00e4n seuraavana ty\u00f6p\u00e4iv\u00e4n\u00e4.<\/strong><\/p>\n<h3>Pyyd\u00e4 rohkeasti esittely, anna palautetta tai pyyd\u00e4 henkil\u00f6kohtainen tarjous.<\/h3>\n<p>Vastaamme mielell\u00e4mme kaikkiin kysymyksiisi. Kirjoita kysymyksesi alla olevaan lomakkeeseen, niin otamme sinuun yhteytt\u00e4. Odotamme innolla kirjett\u00e4si!<\/p>\n<p>[contact-form-7 id=\"453\" title=\"Yhteydenottolomake\"]<\/p>","_links":{"self":[{"href":"https:\/\/happyme.ee\/fi\/wp-json\/wp\/v2\/pages\/1967","targetHints":{"allow":["GET"]}}],"collection":[{"href":"https:\/\/happyme.ee\/fi\/wp-json\/wp\/v2\/pages"}],"about":[{"href":"https:\/\/happyme.ee\/fi\/wp-json\/wp\/v2\/types\/page"}],"author":[{"embeddable":true,"href":"https:\/\/happyme.ee\/fi\/wp-json\/wp\/v2\/users\/1"}],"replies":[{"embeddable":true,"href":"https:\/\/happyme.ee\/fi\/wp-json\/wp\/v2\/comments?post=1967"}],"version-history":[{"count":3,"href":"https:\/\/happyme.ee\/fi\/wp-json\/wp\/v2\/pages\/1967\/revisions"}],"predecessor-version":[{"id":1970,"href":"https:\/\/happyme.ee\/fi\/wp-json\/wp\/v2\/pages\/1967\/revisions\/1970"}],"wp:attachment":[{"href":"https:\/\/happyme.ee\/fi\/wp-json\/wp\/v2\/media?parent=1967"}],"curies":[{"name":"wp","href":"https:\/\/api.w.org\/{rel}","templated":true}]}}