{"id":1977,"date":"2023-02-10T08:34:35","date_gmt":"2023-02-10T06:34:35","guid":{"rendered":"https:\/\/happyme.ee\/kiitos\/"},"modified":"2024-01-30T22:38:51","modified_gmt":"2024-01-30T20:38:51","slug":"kiitos","status":"publish","type":"page","link":"https:\/\/happyme.ee\/fi\/kiitos\/","title":{"rendered":"Kiitos"},"content":{"rendered":"<!--themify_builder_content-->\n<div id=\"themify_builder_content-1977\" data-postid=\"1977\" class=\"themify_builder_content themify_builder_content-1977 themify_builder tf_clear\">\n    \t\t\t\t<!-- module_row -->\n\t\t<div  data-lazy=\"1\" class=\"module_row themify_builder_row tb_hcmu604 tb_first tf_w tf_clearfix wow\" data-tf-animation=\"fadeIn\" data-tf-animation_delay=\".3\">\n\t\t\t\t\t<div class=\"row_inner col_align_top tb_col_count_1 tf_box tf_rel\">\n\t\t\t\t\t<div  data-lazy=\"1\" class=\"module_column tb-column col-full tb_yiji606 first\">\n\t\t\t\t\t\t\t\t\t<div class=\"tb-column-inner tf_box tf_w\">\n\t\t\t\t\t\t<div  data-lazy=\"1\" class=\"module_subrow themify_builder_sub_row tb_975a203 tf_w tf_clearfix\">\n\t\t\t\t\t<div class=\"subrow_inner col_align_top tb_col_count_1 tf_box tf_w\">\n\t\t\t\t\t<div  data-lazy=\"1\" class=\"module_column sub_column col-full tb_fam3203 first\">\n\t\t\t\t\t\t\t<\/div><!-- .module_column -->\n\t\t\t\t\t\t<\/div><!-- .subrow_inner -->\n\t\t<\/div><!-- .themify_builder_sub_row -->\n\t\t\t\t\t\t\t\t<\/div><!-- .tb-column-inner -->\n\t\t\t\t\t\t<\/div><!-- .module_column -->\n\t\t\t\t\t\t<\/div><!-- .row_inner -->\n\t\t<\/div><!-- .module_row -->\n\t\t\t\t\t\t\t\t<!-- module_row -->\n\t\t<div  data-lazy=\"1\" class=\"module_row themify_builder_row tb_nj2t318 tf_w tf_clearfix wow\" data-tf-animation=\"fadeIn\" data-tf-animation_delay=\".3\">\n\t\t\t\t\t<div class=\"row_inner col_align_top tb_col_count_1 tf_box tf_rel\">\n\t\t\t\t\t<div  data-lazy=\"1\" class=\"module_column tb-column col-full tb_h2td319 first\">\n\t\t\t\t\t\t\t\t\t<div class=\"tb-column-inner tf_box tf_w\">\n\t\t\t\t<!-- module text -->\n<div  class=\"module module-text tb_jt6u4   \" data-lazy=\"1\">\n        <div  class=\"tb_text_wrap\">\n    <h1 class=\"elementor-heading-title elementor-size-default\" style=\"text-align: center;\">Kiitos<\/h1>    <\/div>\n<\/div>\n<!-- \/module text -->\t\t\t\t<\/div><!-- .tb-column-inner -->\n\t\t\t\t\t\t<\/div><!-- .module_column -->\n\t\t\t\t\t\t<\/div><!-- .row_inner -->\n\t\t<\/div><!-- .module_row -->\n\t\t\t\t\t\t\t\t<!-- module_row -->\n\t\t<div  data-lazy=\"1\" class=\"module_row themify_builder_row tb_84oo334 tf_w tf_clearfix wow\" data-tf-animation=\"fadeIn\" data-tf-animation_delay=\".3\">\n\t\t\t\t\t<div class=\"row_inner col_align_top tb_col_count_1 tf_box tf_rel\">\n\t\t\t\t\t<div  data-lazy=\"1\" class=\"module_column tb-column col-full tb_k66x335 first\">\n\t\t\t\t\t\t\t\t\t<div class=\"tb-column-inner tf_box tf_w\">\n\t\t\t\t<!-- module text -->\n<div  class=\"module module-text tb_m7o4362   \" data-lazy=\"1\">\n        <div  class=\"tb_text_wrap\">\n    <h2 style=\"text-align: center;\">Kirje on l\u00e4hetetty.<\/h2>    <\/div>\n<\/div>\n<!-- \/module text --><!-- module divider -->\n<div  class=\"module tf_mw module-divider tb_g06987 dotted  divider-custom divider-center\" style=\"border-width: 1px;border-color: #748875;width: 200px;\" data-lazy=\"1\">\n    <\/div>\n<!-- \/module divider -->\n\t\t\t\t<\/div><!-- .tb-column-inner -->\n\t\t\t\t\t\t<\/div><!-- .module_column -->\n\t\t\t\t\t\t<\/div><!-- .row_inner -->\n\t\t<\/div><!-- .module_row -->\n\t\t\t\t\t\t\t\t<!-- module_row -->\n\t\t<div  data-lazy=\"1\" class=\"module_row themify_builder_row tb_dq9m896 tf_w tf_clearfix wow\" data-tf-animation=\"fadeIn\" data-tf-animation_delay=\".3\">\n\t\t\t\t\t<div class=\"row_inner col_align_top tb_col_count_1 tf_box tf_rel\">\n\t\t\t\t\t<div  data-lazy=\"1\" class=\"module_column tb-column col-full tb_q3zt896 first\">\n\t\t\t\t\t\t\t\t\t<div class=\"tb-column-inner tf_box tf_w\">\n\t\t\t\t<!-- module text -->\n<div  class=\"module module-text tb_qdg6671   \" data-lazy=\"1\">\n        <div  class=\"tb_text_wrap\">\n    <p style=\"text-align: center;\"><strong>Otamme sinuun yhteytt\u00e4 viimeist\u00e4\u00e4n seuraavana ty\u00f6p\u00e4iv\u00e4n\u00e4.<\/strong><\/p>    <\/div>\n<\/div>\n<!-- \/module text -->\t\t\t\t<\/div><!-- .tb-column-inner -->\n\t\t\t\t\t\t<\/div><!-- .module_column -->\n\t\t\t\t\t\t<\/div><!-- .row_inner -->\n\t\t<\/div><!-- .module_row -->\n\t\t\t\t<\/div>\n<!--\/themify_builder_content-->","protected":false},"excerpt":{"rendered":"<p>T\u00e4name Kiri on saadetud. V\u00f5tame Sinuga \u00fchendust hiljemalt j\u00e4rgmisel t\u00f6\u00f6p\u00e4eval.<\/p>\n","protected":false},"author":1,"featured_media":0,"parent":0,"menu_order":0,"comment_status":"closed","ping_status":"closed","template":"","meta":{"footnotes":""},"class_list":["post-1977","page","type-page","status-publish","hentry","has-post-title","has-post-date","has-post-category","has-post-tag","has-post-comment","has-post-author",""],"acf":[],"yoast_head":"<!-- This site is optimized with the Yoast SEO plugin v27.5 - https:\/\/yoast.com\/product\/yoast-seo-wordpress\/ -->\n<title>Kiitos - Happyme<\/title>\n<meta name=\"robots\" content=\"index, follow, max-snippet:-1, max-image-preview:large, max-video-preview:-1\" \/>\n<link rel=\"canonical\" href=\"https:\/\/happyme.ee\/kiitos\/?lang=fi\" \/>\n<meta property=\"og:locale\" content=\"fi_FI\" \/>\n<meta property=\"og:type\" content=\"article\" \/>\n<meta property=\"og:title\" content=\"Kiitos - Happyme\" \/>\n<meta property=\"og:description\" content=\"T\u00e4name Kiri on saadetud. V\u00f5tame Sinuga \u00fchendust hiljemalt j\u00e4rgmisel t\u00f6\u00f6p\u00e4eval.\" \/>\n<meta property=\"og:url\" content=\"https:\/\/happyme.ee\/kiitos\/?lang=fi\" \/>\n<meta property=\"og:site_name\" content=\"Happyme\" \/>\n<meta property=\"article:modified_time\" content=\"2024-01-30T20:38:51+00:00\" \/>\n<meta name=\"twitter:card\" content=\"summary_large_image\" \/>\n<script type=\"application\/ld+json\" class=\"yoast-schema-graph\">{\"@context\":\"https:\\\/\\\/schema.org\",\"@graph\":[{\"@type\":\"WebPage\",\"@id\":\"https:\\\/\\\/happyme.ee\\\/kiitos\\\/?lang=fi\",\"url\":\"https:\\\/\\\/happyme.ee\\\/kiitos\\\/?lang=fi\",\"name\":\"Kiitos - Happyme\",\"isPartOf\":{\"@id\":\"https:\\\/\\\/happyme.ee\\\/#website\"},\"datePublished\":\"2023-02-10T06:34:35+00:00\",\"dateModified\":\"2024-01-30T20:38:51+00:00\",\"breadcrumb\":{\"@id\":\"https:\\\/\\\/happyme.ee\\\/kiitos\\\/?lang=fi#breadcrumb\"},\"inLanguage\":\"fi\",\"potentialAction\":[{\"@type\":\"ReadAction\",\"target\":[\"https:\\\/\\\/happyme.ee\\\/kiitos\\\/?lang=fi\"]}]},{\"@type\":\"BreadcrumbList\",\"@id\":\"https:\\\/\\\/happyme.ee\\\/kiitos\\\/?lang=fi#breadcrumb\",\"itemListElement\":[{\"@type\":\"ListItem\",\"position\":1,\"name\":\"Home\",\"item\":\"https:\\\/\\\/happyme.ee\\\/happyme\\\/?lang=fi\"},{\"@type\":\"ListItem\",\"position\":2,\"name\":\"Kiitos\"}]},{\"@type\":\"WebSite\",\"@id\":\"https:\\\/\\\/happyme.ee\\\/#website\",\"url\":\"https:\\\/\\\/happyme.ee\\\/\",\"name\":\"Happyme\",\"description\":\"\",\"potentialAction\":[{\"@type\":\"SearchAction\",\"target\":{\"@type\":\"EntryPoint\",\"urlTemplate\":\"https:\\\/\\\/happyme.ee\\\/?s={search_term_string}\"},\"query-input\":{\"@type\":\"PropertyValueSpecification\",\"valueRequired\":true,\"valueName\":\"search_term_string\"}}],\"inLanguage\":\"fi\"}]}<\/script>\n<!-- \/ Yoast SEO plugin. -->","yoast_head_json":{"title":"Kiitos - Happyme","robots":{"index":"index","follow":"follow","max-snippet":"max-snippet:-1","max-image-preview":"max-image-preview:large","max-video-preview":"max-video-preview:-1"},"canonical":"https:\/\/happyme.ee\/kiitos\/?lang=fi","og_locale":"fi_FI","og_type":"article","og_title":"Kiitos - Happyme","og_description":"T\u00e4name Kiri on saadetud. V\u00f5tame Sinuga \u00fchendust hiljemalt j\u00e4rgmisel t\u00f6\u00f6p\u00e4eval.","og_url":"https:\/\/happyme.ee\/kiitos\/?lang=fi","og_site_name":"Happyme","article_modified_time":"2024-01-30T20:38:51+00:00","twitter_card":"summary_large_image","schema":{"@context":"https:\/\/schema.org","@graph":[{"@type":"WebPage","@id":"https:\/\/happyme.ee\/kiitos\/?lang=fi","url":"https:\/\/happyme.ee\/kiitos\/?lang=fi","name":"Kiitos - Happyme","isPartOf":{"@id":"https:\/\/happyme.ee\/#website"},"datePublished":"2023-02-10T06:34:35+00:00","dateModified":"2024-01-30T20:38:51+00:00","breadcrumb":{"@id":"https:\/\/happyme.ee\/kiitos\/?lang=fi#breadcrumb"},"inLanguage":"fi","potentialAction":[{"@type":"ReadAction","target":["https:\/\/happyme.ee\/kiitos\/?lang=fi"]}]},{"@type":"BreadcrumbList","@id":"https:\/\/happyme.ee\/kiitos\/?lang=fi#breadcrumb","itemListElement":[{"@type":"ListItem","position":1,"name":"Home","item":"https:\/\/happyme.ee\/happyme\/?lang=fi"},{"@type":"ListItem","position":2,"name":"Kiitos"}]},{"@type":"WebSite","@id":"https:\/\/happyme.ee\/#website","url":"https:\/\/happyme.ee\/","name":"Happyme","description":"","potentialAction":[{"@type":"SearchAction","target":{"@type":"EntryPoint","urlTemplate":"https:\/\/happyme.ee\/?s={search_term_string}"},"query-input":{"@type":"PropertyValueSpecification","valueRequired":true,"valueName":"search_term_string"}}],"inLanguage":"fi"}]}},"builder_content":"<h1 style=\"text-align: center;\">Kiitos<\/h1>\n<h2 style=\"text-align: center;\">Kirje on l\u00e4hetetty.<\/h2>\n\n<p style=\"text-align: center;\"><strong>Otamme sinuun yhteytt\u00e4 viimeist\u00e4\u00e4n seuraavana ty\u00f6p\u00e4iv\u00e4n\u00e4.<\/strong><\/p>","_links":{"self":[{"href":"https:\/\/happyme.ee\/fi\/wp-json\/wp\/v2\/pages\/1977","targetHints":{"allow":["GET"]}}],"collection":[{"href":"https:\/\/happyme.ee\/fi\/wp-json\/wp\/v2\/pages"}],"about":[{"href":"https:\/\/happyme.ee\/fi\/wp-json\/wp\/v2\/types\/page"}],"author":[{"embeddable":true,"href":"https:\/\/happyme.ee\/fi\/wp-json\/wp\/v2\/users\/1"}],"replies":[{"embeddable":true,"href":"https:\/\/happyme.ee\/fi\/wp-json\/wp\/v2\/comments?post=1977"}],"version-history":[{"count":3,"href":"https:\/\/happyme.ee\/fi\/wp-json\/wp\/v2\/pages\/1977\/revisions"}],"predecessor-version":[{"id":1980,"href":"https:\/\/happyme.ee\/fi\/wp-json\/wp\/v2\/pages\/1977\/revisions\/1980"}],"wp:attachment":[{"href":"https:\/\/happyme.ee\/fi\/wp-json\/wp\/v2\/media?parent=1977"}],"curies":[{"name":"wp","href":"https:\/\/api.w.org\/{rel}","templated":true}]}}